{"id":26,"date":"2018-06-01T11:20:22","date_gmt":"2018-06-01T14:20:22","guid":{"rendered":"http:\/\/viverh.com.br\/assessment\/?page_id=26"},"modified":"2018-07-05T09:23:54","modified_gmt":"2018-07-05T12:23:54","slug":"home","status":"publish","type":"page","link":"http:\/\/viverh.com.br\/assessment\/","title":{"rendered":"home"},"content":{"rendered":"<div class=\"slider-wrapper relative \" id=\"slider-1057631900\" >\n    <div class=\"slider slider-nav-circle slider-nav-large slider-nav-light slider-style-normal\"\n        data-flickity-options='{\n            \"cellAlign\": \"center\",\n            \"imagesLoaded\": true,\n            \"lazyLoad\": 1,\n            \"freeScroll\": false,\n            \"wrapAround\": true,\n            \"autoPlay\": 6000,\n            \"pauseAutoPlayOnHover\" : true,\n            \"prevNextButtons\": true,\n            \"contain\" : true,\n            \"adaptiveHeight\" : true,\n            \"dragThreshold\" : 5,\n            \"percentPosition\": true,\n            \"pageDots\": true,\n            \"rightToLeft\": false,\n            \"draggable\": true,\n            \"selectedAttraction\": 0.1,\n            \"parallax\" : 0,\n            \"friction\": 0.6        }'\n        >\n        \n\n  <div class=\"banner has-hover\" id=\"banner-1809181465\">\n          <div class=\"banner-inner fill\">\n        <div class=\"banner-bg fill\" >\n            <div class=\"bg fill bg-fill \"><\/div>\n                        <div class=\"overlay\"><\/div>            \n                    <\/div><!-- bg-layers -->\n        <div class=\"banner-layers container\">\n            <div class=\"fill banner-link\"><\/div>            \n   <div id=\"text-box-1203096582\" class=\"text-box banner-layer x50 md-x50 lg-x50 y50 md-y50 lg-y50 res-text\">\n                     <div data-animate=\"flipInX\">           <div class=\"text dark\">\n              \n              <div class=\"text-inner text-center\">\n                  \n<h1 class=\"uppercase\">ASSESSMENT EXECUTIVO<\/h1>\n<h3>Ferramenta estrat\u00e9gica de gest\u00e3o de pessoas<\/h3>\n<p>\u00a0<\/p>\n              <\/div>\n           <\/div><!-- text-box-inner -->\n       <\/div>                     \n<style scope=\"scope\">\n\n#text-box-1203096582 {\n  width: 60%;\n}\n#text-box-1203096582 .text {\n  font-size: 100%;\n}\n\n\n@media (min-width:550px) {\n\n  #text-box-1203096582 {\n    width: 65%;\n  }\n\n}\n<\/style>\n    <\/div><!-- text-box -->\n \n        <\/div><!-- .banner-layers -->\n      <\/div><!-- .banner-inner -->\n\n            \n<style scope=\"scope\">\n\n#banner-1809181465 {\n  padding-top: 99.99%;\n}\n#banner-1809181465 .bg.bg-loaded {\n  background-image: url(http:\/\/viverh.com.br\/assessment\/wp-content\/uploads\/2018\/06\/assement-2.jpg);\n}\n#banner-1809181465 .overlay {\n  background-color: rgba(0, 0, 0, 0.19);\n}\n#banner-1809181465 .bg {\n  background-position: 49% 43%;\n}\n\n\n@media (min-width:550px) {\n\n  #banner-1809181465 {\n    padding-top: 50%;\n  }\n\n}\n\n\n@media (min-width:850px) {\n\n  #banner-1809181465 {\n    padding-top: 56.25%;\n  }\n\n}\n<\/style>\n  <\/div><!-- .banner -->\n\n\n\n  <div class=\"banner has-hover\" id=\"banner-1954676425\">\n          <div class=\"banner-inner fill\">\n        <div class=\"banner-bg fill\" >\n            <div class=\"bg fill bg-fill \"><\/div>\n                                    \n                    <\/div><!-- bg-layers -->\n        <div class=\"banner-layers container\">\n            <div class=\"fill banner-link\"><\/div>            \n   <div id=\"text-box-1865522394\" class=\"text-box banner-layer x50 md-x50 lg-x50 y50 md-y50 lg-y50 res-text\">\n                     <div data-animate=\"bounceInLeft\">           <div class=\"text \">\n              \n              <div class=\"text-inner text-center\">\n                  \n<p class=\"lead\">Invista no que realmente \u00e9 necess\u00e1rio para agregar valor ao neg\u00f3cio e as pessoas<\/p>\n              <\/div>\n           <\/div><!-- text-box-inner -->\n       <\/div>                     \n<style scope=\"scope\">\n\n#text-box-1865522394 {\n  width: 60%;\n}\n#text-box-1865522394 .text {\n  font-size: 198%;\n}\n\n\n@media (min-width:550px) {\n\n  #text-box-1865522394 {\n    width: 75%;\n  }\n\n}\n<\/style>\n    <\/div><!-- text-box -->\n \n        <\/div><!-- .banner-layers -->\n      <\/div><!-- .banner-inner -->\n\n            \n<style scope=\"scope\">\n\n#banner-1954676425 {\n  padding-top: 99.99%;\n}\n#banner-1954676425 .bg.bg-loaded {\n  background-image: url(http:\/\/viverh.com.br\/assessment\/wp-content\/uploads\/2018\/06\/assessmente-home.jpg);\n}\n#banner-1954676425 .bg {\n  background-position: 49% 43%;\n}\n\n\n@media (min-width:550px) {\n\n  #banner-1954676425 {\n    padding-top: 50%;\n  }\n\n}\n\n\n@media (min-width:850px) {\n\n  #banner-1954676425 {\n    padding-top: 56.25%;\n  }\n\n}\n<\/style>\n  <\/div><!-- .banner -->\n\n\n     <\/div>\n\n     <div class=\"loading-spin dark large centered\"><\/div>\n\n     <style scope=\"scope\">\n             <\/style>\n<\/div><!-- .ux-slider-wrapper -->\n\n\n\t<section class=\"section\" id=\"section_1816454042\">\n\t\t<div class=\"bg section-bg fill bg-fill  bg-loaded\" >\n\n\t\t\t\n\t\t\t\n\t\t\t\n\n\t\t<\/div><!-- .section-bg -->\n\n\t\t<div class=\"section-content relative\">\n\t\t\t\n<div class=\"row row-large align-center row-divided\"  id=\"row-200033942\">\n<div class=\"col medium-4 large-4\"  ><div class=\"col-inner\"  >\n\n\t\t<div class=\"icon-box featured-box icon-box-center text-center\"  style=\"margin:0px 0px 0px 0px;\">\n\t\t\t\t\t<div class=\"icon-box-img has-icon-bg\" style=\"width: 60px\">\n\t\t\t\t<div class=\"icon\">\n\t\t\t\t\t<div class=\"icon-inner\" style=\"border-width:2px;\">\n\t\t\t\t\t\t\t\t\t\t\t<\/div>\n\t\t\t\t<\/div>\n\t\t\t<\/div>\n\t\t\t\t<div class=\"icon-box-text last-reset\">\n\t\t\t<h5 class=\"uppercase\">Baseada nas compet\u00eancias de  sua organiza\u00e7ao<\/h5>\t\t\t\t\t\t\n<p>Ferramenta de gest\u00e3o de pessoas, que facilita a tomada de decis\u00e3o ao desenvolvimento e plano sucess\u00f3rio da lideran\u00e7a e dos executivos.<\/p>\n\t\t<\/div>\n\t<\/div><!-- .icon-box -->\n\t\n\t\n<\/div><\/div>\n<div class=\"col medium-4 large-4\"  ><div class=\"col-inner\"  >\n\n\t\t<div class=\"icon-box featured-box icon-box-center text-center\"  style=\"margin:0px 0px 0px 0px;\">\n\t\t\t\t\t<div class=\"icon-box-img has-icon-bg\" style=\"width: 60px\">\n\t\t\t\t<div class=\"icon\">\n\t\t\t\t\t<div class=\"icon-inner\" style=\"border-width:2px;\">\n\t\t\t\t\t\t\t\t\t\t\t<\/div>\n\t\t\t\t<\/div>\n\t\t\t<\/div>\n\t\t\t\t<div class=\"icon-box-text last-reset\">\n\t\t\t<h5 class=\"uppercase\">Comodidade<\/h5>\t\t\t\t\t\t\n<p>O processo \u00e9 constitu\u00eddo por ferramentas eletr\u00f4nicas e presenciais, em v\u00e1rios idiomas incluindo o processo de feedback 360 graus.<\/p>\n\t\t<\/div>\n\t<\/div><!-- .icon-box -->\n\t\n\t\n<\/div><\/div>\n<div class=\"col medium-4 large-4\"  ><div class=\"col-inner\"  >\n\n\t\t<div class=\"icon-box featured-box icon-box-center text-center\"  style=\"margin:0px 0px 0px 0px;\">\n\t\t\t\t\t<div class=\"icon-box-img has-icon-bg\" style=\"width: 60px\">\n\t\t\t\t<div class=\"icon\">\n\t\t\t\t\t<div class=\"icon-inner\" style=\"border-width:2px;\">\n\t\t\t\t\t\t\t\t\t\t\t<\/div>\n\t\t\t\t<\/div>\n\t\t\t<\/div>\n\t\t\t\t<div class=\"icon-box-text last-reset\">\n\t\t\t<h5 class=\"uppercase\">INVISTA NO QUE \u00c9 REALMENTE NECESS\u00c1RIO<\/h5>\t\t\t\t\t\t\n<p>O diagn\u00f3stico permite um mapeamento macro dos potenciais na Organiza\u00e7\u00e3o em n\u00edvel de cargo, num resultado customizado.<\/p>\n\t\t<\/div>\n\t<\/div><!-- .icon-box -->\n\t\n\t\n<\/div><\/div>\n\n<style scope=\"scope\">\n\n<\/style>\n<\/div>\n\t\t<\/div><!-- .section-content -->\n\n\t\t\n<style scope=\"scope\">\n\n#section_1816454042 {\n  padding-top: 30px;\n  padding-bottom: 30px;\n  background-color: rgb(255, 255, 255);\n}\n<\/style>\n\t<\/section>\n\t\n\t<section class=\"section\" id=\"section_943540035\">\n\t\t<div class=\"bg section-bg fill bg-fill  bg-loaded\" >\n\n\t\t\t\n\t\t\t<div class=\"section-bg-overlay absolute fill\"><\/div>\n\t\t\t\n\t<div class=\"is-border\"\n\t\tstyle=\"border-width:1px 0px 1px 0px;\">\n\t<\/div>\n\n\t\t<\/div><!-- .section-bg -->\n\n\t\t<div class=\"section-content relative\">\n\t\t\t\n<div class=\"row row-large align-middle\"  id=\"row-2035462405\">\n<div class=\"col medium-6 small-12 large-6\"  ><div class=\"col-inner text-left\"  >\n<h2 class=\"uppercase\" align=\"left\">Vantagens<\/h2>\n<p align=\"left\">Processo realizado com vis\u00e3o imparcial dos profissionais;<\/p>\n<p align=\"left\">Informa\u00e7\u00f5es com embasamento t\u00e9cnico para tomada de decis\u00f5es nos processos internos, tais como, sele\u00e7\u00e3o, promo\u00e7\u00e3o, sucess\u00e3o e reten\u00e7\u00e3o;<\/p>\n<p align=\"left\">Possibilidade de promover planos de desenvolvimento individual e organizacional focados nas prioridades;<\/p>\n<\/div><\/div>\n<div class=\"col medium-6 small-12 large-6\"  ><div class=\"col-inner text-left\"  >\n\t<div class=\"img has-hover x md-x lg-x y md-y lg-y\" id=\"image_2116400040\">\n\t\t\t\t\t\t<div data-animate=\"bounceInUp\">\t\t<div class=\"img-inner dark\" >\n\t\t\t<img loading=\"lazy\" decoding=\"async\" width=\"600\" height=\"391\" src=\"http:\/\/viverh.com.br\/assessment\/wp-content\/uploads\/2018\/06\/LOGO-SITE.png\" class=\"attachment-original size-original\" alt=\"\" srcset=\"http:\/\/viverh.com.br\/assessment\/wp-content\/uploads\/2018\/06\/LOGO-SITE.png 600w, http:\/\/viverh.com.br\/assessment\/wp-content\/uploads\/2018\/06\/LOGO-SITE-300x196.png 300w, http:\/\/viverh.com.br\/assessment\/wp-content\/uploads\/2018\/06\/LOGO-SITE-510x332.png 510w\" sizes=\"auto, (max-width: 600px) 100vw, 600px\" \/>\t\t\t\t\t\t\n\t\t\t\t\t<\/div>\n\t\t<\/div>\t\t\t\t\t\t\n<style scope=\"scope\">\n\n#image_2116400040 {\n  width: 100%;\n}\n<\/style>\n\t<\/div>\n\t\n<\/div><\/div>\n\n<style scope=\"scope\">\n\n<\/style>\n<\/div>\n\t\t<\/div><!-- .section-content -->\n\n\t\t\n<style scope=\"scope\">\n\n#section_943540035 {\n  padding-top: 60px;\n  padding-bottom: 60px;\n  background-color: rgb(193, 193, 193);\n}\n#section_943540035 .section-bg-overlay {\n  background-color: rgba(255, 255, 255, 0.85);\n}\n<\/style>\n\t<\/section>\n\t\n\t<section class=\"section\" id=\"section_1390490412\">\n\t\t<div class=\"bg section-bg fill bg-fill  bg-loaded\" >\n\n\t\t\t\n\t\t\t<div class=\"section-bg-overlay absolute fill\"><\/div>\n\t\t\t\n\t<div class=\"is-border\"\n\t\tstyle=\"border-width:1px 0px 1px 0px;\">\n\t<\/div>\n\n\t\t<\/div><!-- .section-bg -->\n\n\t\t<div class=\"section-content relative\">\n\t\t\t\n<div class=\"row row-large align-middle\"  id=\"row-1507515306\">\n<div class=\"col medium-6 small-12 large-6\"  ><div class=\"col-inner text-left\"  >\n\t<div class=\"img has-hover x md-x lg-x y md-y lg-y\" id=\"image_162022003\">\n\t\t\t\t\t\t\t\t<div class=\"img-inner dark\" >\n\t\t\t<img loading=\"lazy\" decoding=\"async\" width=\"720\" height=\"526\" src=\"http:\/\/viverh.com.br\/assessment\/wp-content\/uploads\/2018\/07\/objetivo-profissional-no-curriculo-01.jpg\" class=\"attachment-large size-large\" alt=\"\" srcset=\"http:\/\/viverh.com.br\/assessment\/wp-content\/uploads\/2018\/07\/objetivo-profissional-no-curriculo-01.jpg 720w, http:\/\/viverh.com.br\/assessment\/wp-content\/uploads\/2018\/07\/objetivo-profissional-no-curriculo-01-300x219.jpg 300w, http:\/\/viverh.com.br\/assessment\/wp-content\/uploads\/2018\/07\/objetivo-profissional-no-curriculo-01-510x373.jpg 510w\" sizes=\"auto, (max-width: 720px) 100vw, 720px\" \/>\t\t\t\t\t\t\n\t\t\t\t\t<\/div>\n\t\t\t\t\t\t\t\t\n<style scope=\"scope\">\n\n#image_162022003 {\n  width: 100%;\n}\n<\/style>\n\t<\/div>\n\t\n<\/div><\/div>\n<div class=\"col medium-6 small-12 large-6\"  ><div class=\"col-inner text-left\"  >\n<h2 class=\"uppercase\" align=\"left\">Objetivos<\/h2>\n<p align=\"left\">Obter avalia\u00e7\u00e3o isenta e objetiva por meio de metodologia estruturada e definida com crit\u00e9rios claros e mensur\u00e1veis;<\/p>\n<p align=\"left\">Sensibilizar os participantes sobre suas for\u00e7as e oportunidades de melhoria para compromet\u00ea-los com o seu processo de desenvolvimento pessoal;<\/p>\n<p align=\"left\">Fornecer aos participantes a possibilidade de assumir seu pr\u00f3prio crescimento com base em observa\u00e7\u00f5es sustentadas e fidedignas.<\/p>\n<p align=\"left\">Identificar perspectivas de carreira, fornecendo subs\u00eddios para o processo de carreira, desenvolvimento e sucess\u00e3o.<\/p>\n<\/div><\/div>\n\n<style scope=\"scope\">\n\n<\/style>\n<\/div>\n\t\t<\/div><!-- .section-content -->\n\n\t\t\n<style scope=\"scope\">\n\n#section_1390490412 {\n  padding-top: 60px;\n  padding-bottom: 60px;\n}\n#section_1390490412 .section-bg-overlay {\n  background-color: rgba(255, 255, 255, 0.85);\n}\n<\/style>\n\t<\/section>\n\t\n\t<section class=\"section\" id=\"section_1021094761\">\n\t\t<div class=\"bg section-bg fill bg-fill  bg-loaded\" >\n\n\t\t\t\n\t\t\t<div class=\"section-bg-overlay absolute fill\"><\/div>\n\t\t\t\n\t<div class=\"is-border\"\n\t\tstyle=\"border-width:1px 0px 1px 0px;\">\n\t<\/div>\n\n\t\t<\/div><!-- .section-bg -->\n\n\t\t<div class=\"section-content relative\">\n\t\t\t\n<div class=\"row row-large align-middle\"  id=\"row-1816973301\">\n<div class=\"col medium-6 small-12 large-6\"  ><div class=\"col-inner text-left\"  >\n\n<div class=\"wpcf7 no-js\" id=\"wpcf7-f52-o1\" lang=\"pt-BR\" dir=\"ltr\" data-wpcf7-id=\"52\">\n<div class=\"screen-reader-response\"><p role=\"status\" aria-live=\"polite\" aria-atomic=\"true\"><\/p> <ul><\/ul><\/div>\n<form action=\"\/assessment\/wp-json\/wp\/v2\/pages\/26#wpcf7-f52-o1\" method=\"post\" class=\"wpcf7-form init\" aria-label=\"Formul\u00e1rios de contato\" novalidate=\"novalidate\" data-status=\"init\">\n<div style=\"display: none;\">\n<input type=\"hidden\" name=\"_wpcf7\" value=\"52\" \/>\n<input type=\"hidden\" name=\"_wpcf7_version\" value=\"6.0.6\" \/>\n<input type=\"hidden\" name=\"_wpcf7_locale\" value=\"pt_BR\" \/>\n<input type=\"hidden\" name=\"_wpcf7_unit_tag\" value=\"wpcf7-f52-o1\" \/>\n<input type=\"hidden\" name=\"_wpcf7_container_post\" value=\"0\" \/>\n<input type=\"hidden\" name=\"_wpcf7_posted_data_hash\" value=\"\" \/>\n<\/div>\n<p><label> Seu nome (obrigat\u00f3rio)<br \/>\n<span class=\"wpcf7-form-control-wrap\" data-name=\"your-name\"><input size=\"40\" maxlength=\"400\" class=\"wpcf7-form-control wpcf7-text wpcf7-validates-as-required\" aria-required=\"true\" aria-invalid=\"false\" value=\"\" type=\"text\" name=\"your-name\" \/><\/span> <\/label>\n<\/p>\n<p><label> Seu e-mail (obrigat\u00f3rio)<br \/>\n<span class=\"wpcf7-form-control-wrap\" data-name=\"your-email\"><input size=\"40\" maxlength=\"400\" class=\"wpcf7-form-control wpcf7-email wpcf7-validates-as-required wpcf7-text wpcf7-validates-as-email\" aria-required=\"true\" aria-invalid=\"false\" value=\"\" type=\"email\" name=\"your-email\" \/><\/span> <\/label>\n<\/p>\n<p><label> Assunto<br \/>\n<span class=\"wpcf7-form-control-wrap\" data-name=\"your-subject\"><input size=\"40\" maxlength=\"400\" class=\"wpcf7-form-control wpcf7-text\" aria-invalid=\"false\" value=\"\" type=\"text\" name=\"your-subject\" \/><\/span> <\/label>\n<\/p>\n<p><label> Sua mensagem<br \/>\n<span class=\"wpcf7-form-control-wrap\" data-name=\"your-message\"><textarea cols=\"40\" rows=\"10\" maxlength=\"2000\" class=\"wpcf7-form-control wpcf7-textarea\" aria-invalid=\"false\" name=\"your-message\"><\/textarea><\/span> <\/label>\n<\/p>\n<p><input class=\"wpcf7-form-control wpcf7-submit has-spinner\" type=\"submit\" value=\"Enviar\" \/>\n<\/p><div class=\"wpcf7-response-output\" aria-hidden=\"true\"><\/div>\n<\/form>\n<\/div>\n\n<\/div><\/div>\n<div class=\"col medium-6 small-12 large-6\"  ><div class=\"col-inner text-left\"  >\n<\/div><\/div>\n\n<style scope=\"scope\">\n\n<\/style>\n<\/div>\n\t\t<\/div><!-- .section-content -->\n\n\t\t\n<style scope=\"scope\">\n\n#section_1021094761 {\n  padding-top: 60px;\n  padding-bottom: 60px;\n}\n#section_1021094761 .section-bg-overlay {\n  background-color: rgba(255, 255, 255, 0.85);\n}\n<\/style>\n\t<\/section>\n\t\n","protected":false},"excerpt":{"rendered":"","protected":false},"author":1,"featured_media":0,"parent":0,"menu_order":0,"comment_status":"closed","ping_status":"closed","template":"page-blank.php","meta":{"_acf_changed":false,"footnotes":""},"class_list":["post-26","page","type-page","status-publish","hentry"],"acf":[],"_links":{"self":[{"href":"http:\/\/viverh.com.br\/assessment\/wp-json\/wp\/v2\/pages\/26","targetHints":{"allow":["GET"]}}],"collection":[{"href":"http:\/\/viverh.com.br\/assessment\/wp-json\/wp\/v2\/pages"}],"about":[{"href":"http:\/\/viverh.com.br\/assessment\/wp-json\/wp\/v2\/types\/page"}],"author":[{"embeddable":true,"href":"http:\/\/viverh.com.br\/assessment\/wp-json\/wp\/v2\/users\/1"}],"replies":[{"embeddable":true,"href":"http:\/\/viverh.com.br\/assessment\/wp-json\/wp\/v2\/comments?post=26"}],"version-history":[{"count":28,"href":"http:\/\/viverh.com.br\/assessment\/wp-json\/wp\/v2\/pages\/26\/revisions"}],"predecessor-version":[{"id":355,"href":"http:\/\/viverh.com.br\/assessment\/wp-json\/wp\/v2\/pages\/26\/revisions\/355"}],"wp:attachment":[{"href":"http:\/\/viverh.com.br\/assessment\/wp-json\/wp\/v2\/media?parent=26"}],"curies":[{"name":"wp","href":"https:\/\/api.w.org\/{rel}","templated":true}]}}